{"id":9697,"date":"2019-12-16T14:09:47","date_gmt":"2019-12-16T14:09:47","guid":{"rendered":"http:\/\/bluacquahotel.gr\/location\/"},"modified":"2025-07-31T08:44:18","modified_gmt":"2025-07-31T08:44:18","slug":"location","status":"publish","type":"page","link":"https:\/\/bluacquahotel.gr\/de\/location\/","title":{"rendered":"Ort"},"content":{"rendered":"<div class=\"wpb-content-wrapper\"><p>[vc_row fullwidth=&#8220;yes&#8220;][vc_column][vc_single_image image=&#8220;11128&#8243; img_size=&#8220;1600&#215;600&#8243; css=&#8220;&#8220;][\/vc_column][\/vc_row][vc_row css=&#8220;.vc_custom_1564738920323{padding-top: 50px !important;}&#8220;][vc_column][vc_column_text]Agios Nikolaos oder Aghios Nikolaos ist eine K\u00fcstenstadt auf der griechischen Insel Kreta. Sie liegt \u00f6stlich der Inselhauptstadt Heraklion, n\u00f6rdlich der Stadt Ierapetra und westlich der Stadt Sitia.<br \/>\nIm Jahr 2011 z\u00e4hlte die Gemeinde Agios Nikolaos, die einen Teil der umliegenden D\u00f6rfer einnimmt, 27.074 Einwohner. Die Stadt ist eine Gemeinde der Region Kreta und liegt teilweise auf den Ruinen der antiken Stadt Lato pros Kamara.<br \/>\nAgios Nikolaos wurde in der sp\u00e4ten Bronzezeit von dorischen Bewohnern von Lato besiedelt, zu einer Zeit, in der die Sicherheit des Lato-H\u00fcgelforts ein geringeres Problem darstellte und der einfache Zugang zum Hafen von Agios Nikolaos an Bedeutung gewann.<br \/>\nDer Name Agios Nikolaos bedeutet Sankt Nikolaus. Die Betonung liegt auf der zweiten Silbe des Wortes \u00abNikolaos\u00bb. Agios Nikolaos oder Ayios Nikolaos (alternative Umschrift des Griechischen \u0386\u03b3\u03b9\u03bf\u03c2 \u039d\u03b9\u03ba\u03cc\u03bb\u03b1\u03bf\u03c2) ist in Griechenland und Zypern ein gebr\u00e4uchlicher Ortsname, da der Heilige Nikolaus der Schutzpatron der Seeleute und ganz Griechenlands ist.<br \/>\nIn der N\u00e4he der Stadt befindet sich eine arch\u00e4ologische St\u00e4tte des antiken Priniatikos Pyrgos. Es scheint zum ersten Mal im letzten Neolithikum, um 3000 v. Chr., Besiedelt worden zu sein. Die Aktivit\u00e4ten auf dem Gel\u00e4nde dauerten w\u00e4hrend der minoischen Bronzezeit und der klassischen griechischen und r\u00f6mischen Periode an und erstreckten sich \u00fcber insgesamt bis zu 4.000 Jahre. Seit 2007 wird Priniatikos Pyrgos von einem internationalen Team unter der Schirmherrschaft des Irish Institute of Hellenic Studies in Athen ausgegraben.[\/vc_column_text][\/vc_column][\/vc_row][vc_row css=&#8220;.vc_custom_1564738939330{padding-top: 30px !important;}&#8220;][vc_column]<div class=\"bauer-images-grid clearfix\" data-layout=\"slider\" data-column=\"3\" data-column2=\"3\" data-column3=\"2\" data-column4=\"1\" data-gaph=\"0\" data-gapv=\"20\"><div id=\"images-wrap\" class=\"cbp\"><div class=\"cbp-item\"><div class=\"item-wrap\" style=\"\"><a class=\"zoom-popup cbp-lightbox\" href=\"https:\/\/bluacquahotel.gr\/wp-content\/uploads\/2025\/07\/IMG_2247-scaled.jpg\"><\/a><img decoding=\"async\" src=\"https:\/\/bluacquahotel.gr\/wp-content\/uploads\/2025\/07\/IMG_2247-600x600.jpg\" alt=\"image\" \/><\/div><\/div><div class=\"cbp-item\"><div class=\"item-wrap\" style=\"\"><a class=\"zoom-popup cbp-lightbox\" href=\"https:\/\/bluacquahotel.gr\/wp-content\/uploads\/2025\/07\/DJI_0898-scaled.jpg\"><\/a><img decoding=\"async\" src=\"https:\/\/bluacquahotel.gr\/wp-content\/uploads\/2025\/07\/DJI_0898-600x600.jpg\" alt=\"image\" \/><\/div><\/div><div class=\"cbp-item\"><div class=\"item-wrap\" style=\"\"><a class=\"zoom-popup cbp-lightbox\" href=\"https:\/\/bluacquahotel.gr\/wp-content\/uploads\/2025\/07\/IMG_2239-scaled.jpg\"><\/a><img decoding=\"async\" src=\"https:\/\/bluacquahotel.gr\/wp-content\/uploads\/2025\/07\/IMG_2239-600x600.jpg\" alt=\"image\" \/><\/div><\/div><\/div><\/div>[\/vc_column][\/vc_row][vc_row][vc_column]\r\n\t<div class=\"bauer-spacer clearfix\" data-desktop=\"90\" data-mobi=\"70\" data-smobi=\"60\"><\/div>[\/vc_column][\/vc_row]<\/p>\n<\/div>","protected":false},"excerpt":{"rendered":"<p>[vc_row fullwidth=&#8220;yes&#8220;][vc_column][vc_single_image image=&#8220;11128&#8243; img_size=&#8220;1600&#215;600&#8243; css=&#8220;&#8220;][\/vc_column][\/vc_row][vc_row css=&#8220;.vc_custom_1564738920323{padding-top: 50px !important;}&#8220;][vc_column][vc_column_text]Agios Nikolaos oder Aghios Nikolaos ist eine K\u00fcstenstadt auf der griechischen Insel Kreta. Sie liegt \u00f6stlich der Inselhauptstadt Heraklion, n\u00f6rdlich der Stadt Ierapetra und westlich der Stadt Sitia. Im Jahr 2011 z\u00e4hlte die Gemeinde Agios Nikolaos, die einen Teil der umliegenden D\u00f6rfer einnimmt,<\/p>\n","protected":false},"author":1,"featured_media":0,"parent":0,"menu_order":0,"comment_status":"closed","ping_status":"closed","template":"","meta":{"footnotes":""},"class_list":["post-9697","page","type-page","status-publish","hentry"],"yoast_head":"<!-- This site is optimized with the Yoast SEO plugin v27.4 - https:\/\/yoast.com\/product\/yoast-seo-wordpress\/ -->\n<title>Ort - Blu Acqua Hotel<\/title>\n<meta name=\"robots\" content=\"index, follow, max-snippet:-1, max-image-preview:large, max-video-preview:-1\" \/>\n<link rel=\"canonical\" href=\"https:\/\/bluacquahotel.gr\/de\/location\/\" \/>\n<meta property=\"og:locale\" content=\"de_DE\" \/>\n<meta property=\"og:type\" content=\"article\" \/>\n<meta property=\"og:title\" content=\"Ort - Blu Acqua Hotel\" \/>\n<meta property=\"og:description\" content=\"[vc_row fullwidth=&#8220;yes&#8220;][vc_column][vc_single_image image=&#8220;11128&#8243; img_size=&#8220;1600&#215;600&#8243; css=&#8220;&#8220;][\/vc_column][\/vc_row][vc_row css=&#8220;.vc_custom_1564738920323{padding-top: 50px !important;}&#8220;][vc_column][vc_column_text]Agios Nikolaos oder Aghios Nikolaos ist eine K\u00fcstenstadt auf der griechischen Insel Kreta. Sie liegt \u00f6stlich der Inselhauptstadt Heraklion, n\u00f6rdlich der Stadt Ierapetra und westlich der Stadt Sitia. Im Jahr 2011 z\u00e4hlte die Gemeinde Agios Nikolaos, die einen Teil der umliegenden D\u00f6rfer einnimmt,\" \/>\n<meta property=\"og:url\" content=\"https:\/\/bluacquahotel.gr\/de\/location\/\" \/>\n<meta property=\"og:site_name\" content=\"Blu Acqua Hotel\" \/>\n<meta property=\"article:modified_time\" content=\"2025-07-31T08:44:18+00:00\" \/>\n<meta name=\"twitter:card\" content=\"summary_large_image\" \/>\n<meta name=\"twitter:label1\" content=\"Gesch\u00e4tzte Lesezeit\" \/>\n\t<meta name=\"twitter:data1\" content=\"2\u00a0Minuten\" \/>\n<script type=\"application\/ld+json\" class=\"yoast-schema-graph\">{\"@context\":\"https:\\\/\\\/schema.org\",\"@graph\":[{\"@type\":\"WebPage\",\"@id\":\"https:\\\/\\\/bluacquahotel.gr\\\/de\\\/location\\\/\",\"url\":\"https:\\\/\\\/bluacquahotel.gr\\\/de\\\/location\\\/\",\"name\":\"Ort - Blu Acqua Hotel\",\"isPartOf\":{\"@id\":\"https:\\\/\\\/bluacquahotel.gr\\\/de\\\/#website\"},\"datePublished\":\"2019-12-16T14:09:47+00:00\",\"dateModified\":\"2025-07-31T08:44:18+00:00\",\"breadcrumb\":{\"@id\":\"https:\\\/\\\/bluacquahotel.gr\\\/de\\\/location\\\/#breadcrumb\"},\"inLanguage\":\"de\",\"potentialAction\":[{\"@type\":\"ReadAction\",\"target\":[\"https:\\\/\\\/bluacquahotel.gr\\\/de\\\/location\\\/\"]}]},{\"@type\":\"BreadcrumbList\",\"@id\":\"https:\\\/\\\/bluacquahotel.gr\\\/de\\\/location\\\/#breadcrumb\",\"itemListElement\":[{\"@type\":\"ListItem\",\"position\":1,\"name\":\"Home\",\"item\":\"https:\\\/\\\/bluacquahotel.gr\\\/de\\\/\"},{\"@type\":\"ListItem\",\"position\":2,\"name\":\"Ort\"}]},{\"@type\":\"WebSite\",\"@id\":\"https:\\\/\\\/bluacquahotel.gr\\\/de\\\/#website\",\"url\":\"https:\\\/\\\/bluacquahotel.gr\\\/de\\\/\",\"name\":\"Blu Acqua Hotel\",\"description\":\"in Agios Nikolaos\",\"publisher\":{\"@id\":\"https:\\\/\\\/bluacquahotel.gr\\\/de\\\/#organization\"},\"potentialAction\":[{\"@type\":\"SearchAction\",\"target\":{\"@type\":\"EntryPoint\",\"urlTemplate\":\"https:\\\/\\\/bluacquahotel.gr\\\/de\\\/?s={search_term_string}\"},\"query-input\":{\"@type\":\"PropertyValueSpecification\",\"valueRequired\":true,\"valueName\":\"search_term_string\"}}],\"inLanguage\":\"de\"},{\"@type\":\"Organization\",\"@id\":\"https:\\\/\\\/bluacquahotel.gr\\\/de\\\/#organization\",\"name\":\"Blu Acqua Hotel\",\"url\":\"https:\\\/\\\/bluacquahotel.gr\\\/de\\\/\",\"logo\":{\"@type\":\"ImageObject\",\"inLanguage\":\"de\",\"@id\":\"https:\\\/\\\/bluacquahotel.gr\\\/de\\\/#\\\/schema\\\/logo\\\/image\\\/\",\"url\":\"\",\"contentUrl\":\"\",\"caption\":\"Blu Acqua Hotel\"},\"image\":{\"@id\":\"https:\\\/\\\/bluacquahotel.gr\\\/de\\\/#\\\/schema\\\/logo\\\/image\\\/\"}}]}<\/script>\n<!-- \/ Yoast SEO plugin. -->","yoast_head_json":{"title":"Ort - Blu Acqua Hotel","robots":{"index":"index","follow":"follow","max-snippet":"max-snippet:-1","max-image-preview":"max-image-preview:large","max-video-preview":"max-video-preview:-1"},"canonical":"https:\/\/bluacquahotel.gr\/de\/location\/","og_locale":"de_DE","og_type":"article","og_title":"Ort - Blu Acqua Hotel","og_description":"[vc_row fullwidth=&#8220;yes&#8220;][vc_column][vc_single_image image=&#8220;11128&#8243; img_size=&#8220;1600&#215;600&#8243; css=&#8220;&#8220;][\/vc_column][\/vc_row][vc_row css=&#8220;.vc_custom_1564738920323{padding-top: 50px !important;}&#8220;][vc_column][vc_column_text]Agios Nikolaos oder Aghios Nikolaos ist eine K\u00fcstenstadt auf der griechischen Insel Kreta. Sie liegt \u00f6stlich der Inselhauptstadt Heraklion, n\u00f6rdlich der Stadt Ierapetra und westlich der Stadt Sitia. Im Jahr 2011 z\u00e4hlte die Gemeinde Agios Nikolaos, die einen Teil der umliegenden D\u00f6rfer einnimmt,","og_url":"https:\/\/bluacquahotel.gr\/de\/location\/","og_site_name":"Blu Acqua Hotel","article_modified_time":"2025-07-31T08:44:18+00:00","twitter_card":"summary_large_image","twitter_misc":{"Gesch\u00e4tzte Lesezeit":"2\u00a0Minuten"},"schema":{"@context":"https:\/\/schema.org","@graph":[{"@type":"WebPage","@id":"https:\/\/bluacquahotel.gr\/de\/location\/","url":"https:\/\/bluacquahotel.gr\/de\/location\/","name":"Ort - Blu Acqua Hotel","isPartOf":{"@id":"https:\/\/bluacquahotel.gr\/de\/#website"},"datePublished":"2019-12-16T14:09:47+00:00","dateModified":"2025-07-31T08:44:18+00:00","breadcrumb":{"@id":"https:\/\/bluacquahotel.gr\/de\/location\/#breadcrumb"},"inLanguage":"de","potentialAction":[{"@type":"ReadAction","target":["https:\/\/bluacquahotel.gr\/de\/location\/"]}]},{"@type":"BreadcrumbList","@id":"https:\/\/bluacquahotel.gr\/de\/location\/#breadcrumb","itemListElement":[{"@type":"ListItem","position":1,"name":"Home","item":"https:\/\/bluacquahotel.gr\/de\/"},{"@type":"ListItem","position":2,"name":"Ort"}]},{"@type":"WebSite","@id":"https:\/\/bluacquahotel.gr\/de\/#website","url":"https:\/\/bluacquahotel.gr\/de\/","name":"Blu Acqua Hotel","description":"in Agios Nikolaos","publisher":{"@id":"https:\/\/bluacquahotel.gr\/de\/#organization"},"potentialAction":[{"@type":"SearchAction","target":{"@type":"EntryPoint","urlTemplate":"https:\/\/bluacquahotel.gr\/de\/?s={search_term_string}"},"query-input":{"@type":"PropertyValueSpecification","valueRequired":true,"valueName":"search_term_string"}}],"inLanguage":"de"},{"@type":"Organization","@id":"https:\/\/bluacquahotel.gr\/de\/#organization","name":"Blu Acqua Hotel","url":"https:\/\/bluacquahotel.gr\/de\/","logo":{"@type":"ImageObject","inLanguage":"de","@id":"https:\/\/bluacquahotel.gr\/de\/#\/schema\/logo\/image\/","url":"","contentUrl":"","caption":"Blu Acqua Hotel"},"image":{"@id":"https:\/\/bluacquahotel.gr\/de\/#\/schema\/logo\/image\/"}}]}},"_links":{"self":[{"href":"https:\/\/bluacquahotel.gr\/de\/wp-json\/wp\/v2\/pages\/9697","targetHints":{"allow":["GET"]}}],"collection":[{"href":"https:\/\/bluacquahotel.gr\/de\/wp-json\/wp\/v2\/pages"}],"about":[{"href":"https:\/\/bluacquahotel.gr\/de\/wp-json\/wp\/v2\/types\/page"}],"author":[{"embeddable":true,"href":"https:\/\/bluacquahotel.gr\/de\/wp-json\/wp\/v2\/users\/1"}],"replies":[{"embeddable":true,"href":"https:\/\/bluacquahotel.gr\/de\/wp-json\/wp\/v2\/comments?post=9697"}],"version-history":[{"count":6,"href":"https:\/\/bluacquahotel.gr\/de\/wp-json\/wp\/v2\/pages\/9697\/revisions"}],"predecessor-version":[{"id":11247,"href":"https:\/\/bluacquahotel.gr\/de\/wp-json\/wp\/v2\/pages\/9697\/revisions\/11247"}],"wp:attachment":[{"href":"https:\/\/bluacquahotel.gr\/de\/wp-json\/wp\/v2\/media?parent=9697"}],"curies":[{"name":"wp","href":"https:\/\/api.w.org\/{rel}","templated":true}]}}